{"id":10,"date":"2025-09-21T15:04:45","date_gmt":"2025-09-21T13:04:45","guid":{"rendered":"https:\/\/artmanilu.com\/?page_id=10"},"modified":"2025-09-21T15:16:23","modified_gmt":"2025-09-21T13:16:23","slug":"accueil","status":"publish","type":"page","link":"https:\/\/artmanilu.com\/","title":{"rendered":"Accueil"},"content":{"rendered":"\n<figure class=\"wp-block-image size-large\"><img loading=\"lazy\" decoding=\"async\" width=\"1024\" height=\"579\" src=\"http:\/\/artmanilu.com\/wp-content\/uploads\/2025\/09\/bandeau-photo-IA-1024x579.jpg\" alt=\"Artmanilu le bien-\u00eatre par les pierres\" class=\"wp-image-11\" srcset=\"https:\/\/artmanilu.com\/wp-content\/uploads\/2025\/09\/bandeau-photo-IA-1024x579.jpg 1024w, https:\/\/artmanilu.com\/wp-content\/uploads\/2025\/09\/bandeau-photo-IA-300x170.jpg 300w, https:\/\/artmanilu.com\/wp-content\/uploads\/2025\/09\/bandeau-photo-IA-768x434.jpg 768w, https:\/\/artmanilu.com\/wp-content\/uploads\/2025\/09\/bandeau-photo-IA-465x263.jpg 465w, https:\/\/artmanilu.com\/wp-content\/uploads\/2025\/09\/bandeau-photo-IA-695x393.jpg 695w, https:\/\/artmanilu.com\/wp-content\/uploads\/2025\/09\/bandeau-photo-IA.jpg 1472w\" sizes=\"auto, (max-width: 1024px) 100vw, 1024px\" \/><figcaption class=\"wp-element-caption\">Artmanilu le bien-\u00eatre par les pierres<\/figcaption><\/figure>\n\n\n\n<hr class=\"wp-block-separator has-alpha-channel-opacity\"\/>\n\n\n\n<h2 class=\"wp-block-heading\"><strong>Bijoux en pierres naturelles &amp; argent <\/strong><\/h2>\n\n\n\n<blockquote class=\"wp-block-quote is-layout-flow wp-block-quote-is-layout-flow\">\n<p><strong>R\u00e9v\u00e9lez votre lumi\u00e8re int\u00e9rieure<\/strong><\/p>\n<\/blockquote>\n\n\n\n<p>Chez <em>Artmanilu<\/em>, chaque bijou est une pi\u00e8ce unique, fa\u00e7onn\u00e9e avec soin et intuition. Nous croyons que la beaut\u00e9 v\u00e9ritable na\u00eet de l\u2019harmonie entre l\u2019esth\u00e9tique et l\u2019\u00e9nergie. C\u2019est pourquoi nos cr\u00e9ations allient la noblesse de l\u2019argent \u00e0 la puissance vibratoire des pierres naturelles, choisies pour leurs vertus en lithoth\u00e9rapie.<\/p>\n\n\n\n<blockquote class=\"wp-block-quote is-layout-flow wp-block-quote-is-layout-flow\">\n<p><em>Porter un bijou Artmanilu, c\u2019est inviter le bien-\u00eatre dans votre quotidien.<\/em><br>Que vous cherchiez \u00e0 apaiser vos \u00e9motions, renforcer votre vitalit\u00e9 ou simplement vous reconnecter \u00e0 vous-m\u00eame, nos bijoux vous accompagnent avec douceur et intention.<\/p>\n<\/blockquote>\n\n\n\n<p>Chaque pierre est s\u00e9lectionn\u00e9e pour sa qualit\u00e9 et son \u00e9nergie.<br>Chaque cr\u00e9ation est une invitation \u00e0 prendre soin de soi.<\/p>\n\n\n\n<p>Explorez notre univers, laissez-vous guider par votre intuition\u2026 et trouvez le bijou qui vous ressemble.<\/p>\n\n\n\n<div class=\"wp-block-buttons alignwide is-content-justification-center is-layout-flex wp-container-core-buttons-is-layout-16018d1d wp-block-buttons-is-layout-flex\">\n<div class=\"wp-block-button\"><a class=\"wp-block-button__link has-text-align-center wp-element-button\" href=\"https:\/\/www.etsy.com\/fr\/shop\/Artmanilu?ref=shop_sugg_market\">Voir tous les mod\u00e8les<\/a><\/div>\n<\/div>\n\n\n\n<p><\/p>\n","protected":false},"excerpt":{"rendered":"<p>Bijoux en pierres naturelles &amp; argent R\u00e9v\u00e9lez votre lumi\u00e8re int\u00e9rieure Chez Artmanilu, chaque bijou est une pi\u00e8ce unique, fa\u00e7onn\u00e9e avec soin et intuition. Nous croyons que la beaut\u00e9 v\u00e9ritable na\u00eet de l\u2019harmonie entre l\u2019esth\u00e9tique et l\u2019\u00e9nergie. C\u2019est pourquoi nos cr\u00e9ations allient la noblesse de l\u2019argent \u00e0 la puissance vibratoire des<span class=\"more-link theme-more-link\"><a href=\"https:\/\/artmanilu.com\/\">Continue Reading<\/a><\/span><\/p>\n","protected":false},"author":1,"featured_media":11,"parent":0,"menu_order":0,"comment_status":"closed","ping_status":"closed","template":"","meta":{"footnotes":""},"class_list":["entry","author-admin7937","post-10","page","type-page","status-publish","has-post-thumbnail"],"_links":{"self":[{"href":"https:\/\/artmanilu.com\/index.php?rest_route=\/wp\/v2\/pages\/10","targetHints":{"allow":["GET"]}}],"collection":[{"href":"https:\/\/artmanilu.com\/index.php?rest_route=\/wp\/v2\/pages"}],"about":[{"href":"https:\/\/artmanilu.com\/index.php?rest_route=\/wp\/v2\/types\/page"}],"author":[{"embeddable":true,"href":"https:\/\/artmanilu.com\/index.php?rest_route=\/wp\/v2\/users\/1"}],"replies":[{"embeddable":true,"href":"https:\/\/artmanilu.com\/index.php?rest_route=%2Fwp%2Fv2%2Fcomments&post=10"}],"version-history":[{"count":2,"href":"https:\/\/artmanilu.com\/index.php?rest_route=\/wp\/v2\/pages\/10\/revisions"}],"predecessor-version":[{"id":14,"href":"https:\/\/artmanilu.com\/index.php?rest_route=\/wp\/v2\/pages\/10\/revisions\/14"}],"wp:featuredmedia":[{"embeddable":true,"href":"https:\/\/artmanilu.com\/index.php?rest_route=\/wp\/v2\/media\/11"}],"wp:attachment":[{"href":"https:\/\/artmanilu.com\/index.php?rest_route=%2Fwp%2Fv2%2Fmedia&parent=10"}],"curies":[{"name":"wp","href":"https:\/\/api.w.org\/{rel}","templated":true}]}}