{"id":26,"date":"2026-01-03T13:02:04","date_gmt":"2026-01-03T11:02:04","guid":{"rendered":"https:\/\/artmanilu.com\/?page_id=26"},"modified":"2026-01-03T13:02:04","modified_gmt":"2026-01-03T11:02:04","slug":"quest-ce-que-la-lithotherapie","status":"publish","type":"page","link":"https:\/\/artmanilu.com\/?page_id=26","title":{"rendered":"Qu&rsquo;est ce que la lithoth\u00e9rapie ?"},"content":{"rendered":"\n<figure class=\"wp-block-image size-large\"><img loading=\"lazy\" decoding=\"async\" width=\"1024\" height=\"461\" src=\"https:\/\/artmanilu.com\/wp-content\/uploads\/2026\/01\/20260102_160440-1024x461.jpg\" alt=\"\" class=\"wp-image-28\" srcset=\"https:\/\/artmanilu.com\/wp-content\/uploads\/2026\/01\/20260102_160440-1024x461.jpg 1024w, https:\/\/artmanilu.com\/wp-content\/uploads\/2026\/01\/20260102_160440-300x135.jpg 300w, https:\/\/artmanilu.com\/wp-content\/uploads\/2026\/01\/20260102_160440-768x346.jpg 768w, https:\/\/artmanilu.com\/wp-content\/uploads\/2026\/01\/20260102_160440-1536x692.jpg 1536w, https:\/\/artmanilu.com\/wp-content\/uploads\/2026\/01\/20260102_160440-2048x922.jpg 2048w, https:\/\/artmanilu.com\/wp-content\/uploads\/2026\/01\/20260102_160440-465x209.jpg 465w, https:\/\/artmanilu.com\/wp-content\/uploads\/2026\/01\/20260102_160440-695x313.jpg 695w\" sizes=\"auto, (max-width: 1024px) 100vw, 1024px\" \/><\/figure>\n\n\n\n<h2 class=\"wp-block-heading\">La lithoth\u00e9rapie : une pratique ancienne<\/h2>\n\n\n\n<p>Depuis des mill\u00e9naires, les pierres et les cristaux ont \u00e9t\u00e9 utilis\u00e9s pour leurs vertus \u00e9nerg\u00e9tiques et symboliques, que ce soit en \u00c9gypte, en M\u00e9sopotamie, en Inde ou chez les peuples am\u00e9rindiens.<br>L\u2019\u00e9nergie d\u2019une pierre, bien que difficile \u00e0 d\u00e9finir pr\u00e9cis\u00e9ment, est per\u00e7ue comme une force subtile et sensible qui \u00e9mane du min\u00e9ral. Cette \u00e9nergie ne se comprend pas par l\u2019analyse rationnelle, mais par l\u2019exp\u00e9rience personnelle et les sensations qu\u2019elle suscite. La culture occidentale a longtemps mis de c\u00f4t\u00e9 cette approche intuitive, privil\u00e9giant la raison, mais la lithoth\u00e9rapie invite aujourd\u2019hui \u00e0 renouer avec cet instinct et cette \u00e9coute int\u00e9rieure.<br>Le chemin vers la perception de cette \u00e9nergie est progressif et demande du temps. Les sensations peuvent \u00eatre subtiles et parfois absentes au d\u00e9but, mais elles se d\u00e9veloppent avec la pratique et l\u2019attention port\u00e9e \u00e0 soi-m\u00eame. Cette exp\u00e9rience sensible est au c\u0153ur de la lithoth\u00e9rapie, bien plus que les propri\u00e9t\u00e9s th\u00e9oriques attribu\u00e9es aux pierres.<\/p>\n\n\n\n<h2 class=\"wp-block-heading\">Une approche \u00e9nerg\u00e9tique et naturelle<\/h2>\n\n\n\n<p>La lithoth\u00e9rapie repose sur l\u2019id\u00e9e que chaque pierre poss\u00e8de une vibration unique. Cette \u00e9nergie subtile interagirait avec notre propre \u00e9quilibre int\u00e9rieur. Selon leurs compositions, couleurs et structures, les min\u00e9raux seraient associ\u00e9s \u00e0 des effets sp\u00e9cifiques :<br>\u2022 Apaisement et s\u00e9r\u00e9nit\u00e9 (am\u00e9thyste, l\u00e9pidolite)<br>\u2022 Confiance en soi et ancrage (\u0153il de tigre, jaspe rouge)<br>\u2022 Protection \u00e9motionnelle (labradorite, obsidienne)<br>\u2022 Harmonie du c\u0153ur et douceur (quartz rose, amazonite)<br>\u2022 Clart\u00e9 mentale et concentration (fluorite, citrine)<br>La lithoth\u00e9rapie n\u2019est pas une science m\u00e9dicale, mais une d\u00e9marche de bien-\u00eatre compl\u00e9mentaire, centr\u00e9e sur l\u2019\u00e9coute de soi et l\u2019intention.<\/p>\n","protected":false},"excerpt":{"rendered":"<p>La lithoth\u00e9rapie : une pratique ancienne Depuis des mill\u00e9naires, les pierres et les cristaux ont \u00e9t\u00e9 utilis\u00e9s pour leurs vertus \u00e9nerg\u00e9tiques et symboliques, que ce soit en \u00c9gypte, en M\u00e9sopotamie, en Inde ou chez les peuples am\u00e9rindiens.L\u2019\u00e9nergie d\u2019une pierre, bien que difficile \u00e0 d\u00e9finir pr\u00e9cis\u00e9ment, est per\u00e7ue comme une force<span class=\"more-link theme-more-link\"><a href=\"https:\/\/artmanilu.com\/?page_id=26\">Continue Reading<\/a><\/span><\/p>\n","protected":false},"author":1,"featured_media":0,"parent":0,"menu_order":0,"comment_status":"closed","ping_status":"closed","template":"","meta":{"footnotes":""},"class_list":["entry","author-admin7937","post-26","page","type-page","status-publish"],"_links":{"self":[{"href":"https:\/\/artmanilu.com\/index.php?rest_route=\/wp\/v2\/pages\/26","targetHints":{"allow":["GET"]}}],"collection":[{"href":"https:\/\/artmanilu.com\/index.php?rest_route=\/wp\/v2\/pages"}],"about":[{"href":"https:\/\/artmanilu.com\/index.php?rest_route=\/wp\/v2\/types\/page"}],"author":[{"embeddable":true,"href":"https:\/\/artmanilu.com\/index.php?rest_route=\/wp\/v2\/users\/1"}],"replies":[{"embeddable":true,"href":"https:\/\/artmanilu.com\/index.php?rest_route=%2Fwp%2Fv2%2Fcomments&post=26"}],"version-history":[{"count":3,"href":"https:\/\/artmanilu.com\/index.php?rest_route=\/wp\/v2\/pages\/26\/revisions"}],"predecessor-version":[{"id":42,"href":"https:\/\/artmanilu.com\/index.php?rest_route=\/wp\/v2\/pages\/26\/revisions\/42"}],"wp:attachment":[{"href":"https:\/\/artmanilu.com\/index.php?rest_route=%2Fwp%2Fv2%2Fmedia&parent=26"}],"curies":[{"name":"wp","href":"https:\/\/api.w.org\/{rel}","templated":true}]}}