{"id":69,"date":"2026-01-03T21:26:19","date_gmt":"2026-01-03T19:26:19","guid":{"rendered":"https:\/\/artmanilu.com\/?page_id=69"},"modified":"2026-01-03T21:26:19","modified_gmt":"2026-01-03T19:26:19","slug":"mentions-legales","status":"publish","type":"page","link":"https:\/\/artmanilu.com\/?page_id=69","title":{"rendered":"Mentions l\u00e9gales"},"content":{"rendered":"\n<ol class=\"wp-block-list\">\n<li>Pr\u00e9sentation du site<br>artmanilu.com est un site \u00e9dit\u00e9 par :<br>\u2022 Artmanilu \u2013 Boutique de bijoux fantaisie et lithoth\u00e9rapie<br>\u2022 Propri\u00e9taire \/ Responsable de publication : Soci\u00e9t\u00e9 Artmanilu<br>\u2022 Adresse : All\u00e9e du Champ Tortu 91190 Gif sur Yvette<br>\u2022 E-mail : artmanilu36@gmail.com<br>\u2022 SIRET : 87885428000012<\/li>\n\n\n\n<li>H\u00e9bergement<br>Le site artmanilu.com est h\u00e9berg\u00e9 par OVH<\/li>\n\n\n\n<li>Propri\u00e9t\u00e9 intellectuelle<br>L\u2019ensemble du contenu pr\u00e9sent sur le site artmanilu.com (textes, images, graphismes, logos, vid\u00e9os, cr\u00e9ations, bijoux, noms de collections, etc.) est prot\u00e9g\u00e9 par le droit d\u2019auteur et la propri\u00e9t\u00e9 intellectuelle.<br>Toute reproduction, repr\u00e9sentation, modification, publication, adaptation de tout ou partie des \u00e9l\u00e9ments du site, quel que soit le moyen ou le proc\u00e9d\u00e9 utilis\u00e9, est interdite sans autorisation \u00e9crite pr\u00e9alable.<\/li>\n\n\n\n<li>Produits et services<br>Les bijoux et cr\u00e9ations propos\u00e9s sur artmanilu.com sont r\u00e9alis\u00e9s avec soin. Les informations concernant les pierres, leurs propri\u00e9t\u00e9s et leurs bienfaits rel\u00e8vent de traditions et de croyances en lithoth\u00e9rapie. Elles ne constituent en aucun cas un avis m\u00e9dical.<\/li>\n\n\n\n<li>Donn\u00e9es personnelles<br>Artmanilu s\u2019engage \u00e0 respecter la confidentialit\u00e9 des donn\u00e9es personnelles collect\u00e9es.<br>Les informations susceptibles d\u2019\u00eatre recueillies sur le site (formulaire de contact, commande, newsletter) sont destin\u00e9es exclusivement \u00e0 un usage interne.<br>Conform\u00e9ment au RGPD, vous disposez d\u2019un droit d\u2019acc\u00e8s, de rectification, de suppression et d\u2019opposition concernant vos donn\u00e9es personnelles. Pour exercer ce droit, contactez : artmanilu36@gmail.com<\/li>\n\n\n\n<li>Cookies<br>Le site www.artmanilu.com peut utiliser des cookies afin d\u2019am\u00e9liorer l\u2019exp\u00e9rience utilisateur et r\u00e9aliser des statistiques de visite.<br>Vous pouvez configurer votre navigateur pour refuser les cookies.<\/li>\n\n\n\n<li>Responsabilit\u00e9<br>Artmanilu s\u2019efforce de fournir des informations fiables et mises \u00e0 jour. Toutefois, des erreurs ou omissions peuvent survenir. L\u2019utilisateur reconna\u00eet utiliser ces informations sous sa responsabilit\u00e9 exclusive.<br>Artmanilu ne pourra \u00eatre tenue responsable des dommages directs ou indirects li\u00e9s \u00e0 l\u2019utilisation du site.<\/li>\n\n\n\n<li>Liens externes<br>Le site peut contenir des liens vers d\u2019autres sites. Artmanilu n\u2019est pas responsable du contenu de ces sites externes.<\/li>\n\n\n\n<li>Droit applicable<br>Les pr\u00e9sentes mentions l\u00e9gales sont r\u00e9gies par le droit fran\u00e7ais. Tout litige sera soumis \u00e0 la comp\u00e9tence des tribunaux fran\u00e7ais.<\/li>\n<\/ol>\n","protected":false},"excerpt":{"rendered":"<p><span class=\"more-link theme-more-link\"><a href=\"https:\/\/artmanilu.com\/?page_id=69\">Continue Reading<\/a><\/span><\/p>\n","protected":false},"author":1,"featured_media":0,"parent":0,"menu_order":0,"comment_status":"closed","ping_status":"closed","template":"","meta":{"footnotes":""},"class_list":["entry","author-admin7937","post-69","page","type-page","status-publish"],"_links":{"self":[{"href":"https:\/\/artmanilu.com\/index.php?rest_route=\/wp\/v2\/pages\/69","targetHints":{"allow":["GET"]}}],"collection":[{"href":"https:\/\/artmanilu.com\/index.php?rest_route=\/wp\/v2\/pages"}],"about":[{"href":"https:\/\/artmanilu.com\/index.php?rest_route=\/wp\/v2\/types\/page"}],"author":[{"embeddable":true,"href":"https:\/\/artmanilu.com\/index.php?rest_route=\/wp\/v2\/users\/1"}],"replies":[{"embeddable":true,"href":"https:\/\/artmanilu.com\/index.php?rest_route=%2Fwp%2Fv2%2Fcomments&post=69"}],"version-history":[{"count":1,"href":"https:\/\/artmanilu.com\/index.php?rest_route=\/wp\/v2\/pages\/69\/revisions"}],"predecessor-version":[{"id":71,"href":"https:\/\/artmanilu.com\/index.php?rest_route=\/wp\/v2\/pages\/69\/revisions\/71"}],"wp:attachment":[{"href":"https:\/\/artmanilu.com\/index.php?rest_route=%2Fwp%2Fv2%2Fmedia&parent=69"}],"curies":[{"name":"wp","href":"https:\/\/api.w.org\/{rel}","templated":true}]}}