{"id":84,"date":"2026-01-14T22:56:54","date_gmt":"2026-01-14T20:56:54","guid":{"rendered":"https:\/\/artmanilu.com\/?page_id=84"},"modified":"2026-01-14T23:05:35","modified_gmt":"2026-01-14T21:05:35","slug":"les-bienfaits-des-pierres","status":"publish","type":"page","link":"https:\/\/artmanilu.com\/?page_id=84","title":{"rendered":"Les bienfaits des pierres"},"content":{"rendered":"\n<p>La lithoth\u00e9rapie repose sur l\u2019utilisation des pierres et cristaux pour favoriser l\u2019\u00e9quilibre physique, \u00e9motionnel et spirituel. Chaque pierre poss\u00e8de des vibrations uniques qui interagissent avec notre \u00e9nergie. Parmi les pierres les plus utilis\u00e9es, on retrouve l\u2019am\u00e9thyste, le quartz rose, la labradorite, la citrine, la turquoise et l\u2019obsidienne. Elles sont choisies pour leurs vertus apaisantes, protectrices ou dynamisantes, et peuvent \u00eatre port\u00e9es en bijoux, plac\u00e9es dans un espace de vie ou utilis\u00e9es lors de m\u00e9ditations.<\/p>\n\n\n\n<h2 class=\"wp-block-heading\">L&rsquo;am\u00e9thyste<\/h2>\n\n\n\n<div class=\"wp-block-columns is-layout-flex wp-container-core-columns-is-layout-9d6595d7 wp-block-columns-is-layout-flex\">\n<div class=\"wp-block-column is-vertically-aligned-center is-layout-flow wp-block-column-is-layout-flow\" style=\"flex-basis:66.66%\">\n<p>Utilis\u00e9e depuis l\u2019Antiquit\u00e9, l\u2019am\u00e9thyste \u00e9tait consid\u00e9r\u00e9e comme une pierre sacr\u00e9e par les Grecs et les Romains, cens\u00e9e prot\u00e9ger contre l\u2019ivresse et apporter la sagesse.<br>Couleur : Violet, allant du clair au profond.<br>Provenance principale : Br\u00e9sil, Uruguay, Madagascar.<br>Bienfaits physiques : Favorise la d\u00e9tente, le sommeil r\u00e9parateur et soulage les tensions nerveuses.<br>Bienfaits psychologiques : Apporte s\u00e9r\u00e9nit\u00e9, clart\u00e9 mentale et intuition.<\/p>\n<\/div>\n\n\n\n<div class=\"wp-block-column is-vertically-aligned-center is-layout-flow wp-block-column-is-layout-flow\" style=\"flex-basis:33.33%\"><div class=\"wp-block-image\">\n<figure class=\"aligncenter size-large\"><img loading=\"lazy\" decoding=\"async\" width=\"2268\" height=\"1512\" src=\"https:\/\/artmanilu.com\/wp-content\/uploads\/2026\/01\/20241021_213447-edited-1.jpg\" alt=\"collier en am\u00e9thyste et cristal de roche\" class=\"wp-image-101\" srcset=\"https:\/\/artmanilu.com\/wp-content\/uploads\/2026\/01\/20241021_213447-edited-1.jpg 2268w, https:\/\/artmanilu.com\/wp-content\/uploads\/2026\/01\/20241021_213447-edited-1-300x200.jpg 300w, https:\/\/artmanilu.com\/wp-content\/uploads\/2026\/01\/20241021_213447-edited-1-1024x683.jpg 1024w, https:\/\/artmanilu.com\/wp-content\/uploads\/2026\/01\/20241021_213447-edited-1-768x512.jpg 768w, https:\/\/artmanilu.com\/wp-content\/uploads\/2026\/01\/20241021_213447-edited-1-1536x1024.jpg 1536w, https:\/\/artmanilu.com\/wp-content\/uploads\/2026\/01\/20241021_213447-edited-1-2048x1365.jpg 2048w, https:\/\/artmanilu.com\/wp-content\/uploads\/2026\/01\/20241021_213447-edited-1-465x310.jpg 465w, https:\/\/artmanilu.com\/wp-content\/uploads\/2026\/01\/20241021_213447-edited-1-695x463.jpg 695w\" sizes=\"auto, (max-width: 2268px) 100vw, 2268px\" \/><\/figure>\n<\/div><\/div>\n<\/div>\n\n\n\n<div class=\"wp-block-columns is-layout-flex wp-container-core-columns-is-layout-9d6595d7 wp-block-columns-is-layout-flex\">\n<div class=\"wp-block-column is-layout-flow wp-block-column-is-layout-flow\" style=\"flex-basis:66.66%\">\n<h2 class=\"wp-block-heading\">Le quartz rose<\/h2>\n<\/div>\n\n\n\n<div class=\"wp-block-column is-layout-flow wp-block-column-is-layout-flow\" style=\"flex-basis:33.33%\"><\/div>\n<\/div>\n\n\n\n<div class=\"wp-block-columns are-vertically-aligned-center is-layout-flex wp-container-core-columns-is-layout-9d6595d7 wp-block-columns-is-layout-flex\">\n<div class=\"wp-block-column is-vertically-aligned-center is-layout-flow wp-block-column-is-layout-flow\" style=\"flex-basis:66.66%\">\n<p>Symbole d\u2019amour depuis des mill\u00e9naires, il \u00e9tait utilis\u00e9 par les civilisations antiques pour attirer l\u2019harmonie et la paix dans les relations.<br>Couleur : Rose p\u00e2le \u00e0 rose soutenu.<br>Provenance principale : Br\u00e9sil, Madagascar, Inde.<br>Bienfaits physiques : Apaise le syst\u00e8me cardiovasculaire et r\u00e9duit le stress.<br>Bienfaits psychologiques : Encourage l\u2019amour, la compassion et la paix int\u00e9rieure.<\/p>\n<\/div>\n\n\n\n<div class=\"wp-block-column is-vertically-aligned-center is-layout-flow wp-block-column-is-layout-flow\" style=\"flex-basis:33.33%\"><div class=\"wp-block-image\">\n<figure class=\"aligncenter size-large\"><img loading=\"lazy\" decoding=\"async\" width=\"1813\" height=\"1359\" src=\"https:\/\/artmanilu.com\/wp-content\/uploads\/2026\/01\/20251126_211945-edited.jpg\" alt=\"Bracelet en quartz rose et malachite\" class=\"wp-image-103\" srcset=\"https:\/\/artmanilu.com\/wp-content\/uploads\/2026\/01\/20251126_211945-edited.jpg 1813w, https:\/\/artmanilu.com\/wp-content\/uploads\/2026\/01\/20251126_211945-edited-300x225.jpg 300w, https:\/\/artmanilu.com\/wp-content\/uploads\/2026\/01\/20251126_211945-edited-1024x768.jpg 1024w, https:\/\/artmanilu.com\/wp-content\/uploads\/2026\/01\/20251126_211945-edited-768x576.jpg 768w, https:\/\/artmanilu.com\/wp-content\/uploads\/2026\/01\/20251126_211945-edited-1536x1151.jpg 1536w, https:\/\/artmanilu.com\/wp-content\/uploads\/2026\/01\/20251126_211945-edited-465x349.jpg 465w, https:\/\/artmanilu.com\/wp-content\/uploads\/2026\/01\/20251126_211945-edited-667x500.jpg 667w\" sizes=\"auto, (max-width: 1813px) 100vw, 1813px\" \/><\/figure>\n<\/div><\/div>\n<\/div>\n\n\n\n<div class=\"wp-block-columns is-layout-flex wp-container-core-columns-is-layout-9d6595d7 wp-block-columns-is-layout-flex\">\n<div class=\"wp-block-column is-vertically-aligned-center is-layout-flow wp-block-column-is-layout-flow\" style=\"flex-basis:66.66%\">\n<h2 class=\"wp-block-heading\">La labradorite<\/h2>\n\n\n\n<p>D\u00e9couverte au Labrador (Canada), elle est surnomm\u00e9e \u00ab pierre des th\u00e9rapeutes \u00bb pour ses vertus protectrices.<br>Couleur : Gris avec des reflets iris\u00e9s bleus, verts ou dor\u00e9s.<br>Provenance principale : Canada, Madagascar, Finlande.<br>Bienfaits physiques : Renforce le syst\u00e8me immunitaire et r\u00e9duit la fatigue.<br>Bienfaits psychologiques : Prot\u00e8ge des \u00e9nergies n\u00e9gatives et favorise la confiance en soi.<\/p>\n<\/div>\n\n\n\n<div class=\"wp-block-column is-vertically-aligned-center is-layout-flow wp-block-column-is-layout-flow\" style=\"flex-basis:33.33%\"><div class=\"wp-block-image\">\n<figure class=\"aligncenter size-large\"><img loading=\"lazy\" decoding=\"async\" width=\"2560\" height=\"1707\" src=\"https:\/\/artmanilu.com\/wp-content\/uploads\/2026\/01\/20250126_183951-edited-scaled.jpg\" alt=\"Bracelet en labradorite et bois de santal\" class=\"wp-image-104\" srcset=\"https:\/\/artmanilu.com\/wp-content\/uploads\/2026\/01\/20250126_183951-edited-scaled.jpg 2560w, https:\/\/artmanilu.com\/wp-content\/uploads\/2026\/01\/20250126_183951-edited-300x200.jpg 300w, https:\/\/artmanilu.com\/wp-content\/uploads\/2026\/01\/20250126_183951-edited-1024x683.jpg 1024w, https:\/\/artmanilu.com\/wp-content\/uploads\/2026\/01\/20250126_183951-edited-768x512.jpg 768w, https:\/\/artmanilu.com\/wp-content\/uploads\/2026\/01\/20250126_183951-edited-1536x1024.jpg 1536w, https:\/\/artmanilu.com\/wp-content\/uploads\/2026\/01\/20250126_183951-edited-2048x1365.jpg 2048w, https:\/\/artmanilu.com\/wp-content\/uploads\/2026\/01\/20250126_183951-edited-465x310.jpg 465w, https:\/\/artmanilu.com\/wp-content\/uploads\/2026\/01\/20250126_183951-edited-695x463.jpg 695w\" sizes=\"auto, (max-width: 2560px) 100vw, 2560px\" \/><\/figure>\n<\/div><\/div>\n<\/div>\n\n\n\n<p><\/p>\n","protected":false},"excerpt":{"rendered":"<p>La lithoth\u00e9rapie repose sur l\u2019utilisation des pierres et cristaux pour favoriser l\u2019\u00e9quilibre physique, \u00e9motionnel et spirituel. Chaque pierre poss\u00e8de des vibrations uniques qui interagissent avec notre \u00e9nergie. Parmi les pierres les plus utilis\u00e9es, on retrouve l\u2019am\u00e9thyste, le quartz rose, la labradorite, la citrine, la turquoise et l\u2019obsidienne. Elles sont choisies<span class=\"more-link theme-more-link\"><a href=\"https:\/\/artmanilu.com\/?page_id=84\">Continue Reading<\/a><\/span><\/p>\n","protected":false},"author":1,"featured_media":0,"parent":0,"menu_order":0,"comment_status":"closed","ping_status":"closed","template":"","meta":{"footnotes":""},"class_list":["entry","author-admin7937","post-84","page","type-page","status-publish"],"_links":{"self":[{"href":"https:\/\/artmanilu.com\/index.php?rest_route=\/wp\/v2\/pages\/84","targetHints":{"allow":["GET"]}}],"collection":[{"href":"https:\/\/artmanilu.com\/index.php?rest_route=\/wp\/v2\/pages"}],"about":[{"href":"https:\/\/artmanilu.com\/index.php?rest_route=\/wp\/v2\/types\/page"}],"author":[{"embeddable":true,"href":"https:\/\/artmanilu.com\/index.php?rest_route=\/wp\/v2\/users\/1"}],"replies":[{"embeddable":true,"href":"https:\/\/artmanilu.com\/index.php?rest_route=%2Fwp%2Fv2%2Fcomments&post=84"}],"version-history":[{"count":4,"href":"https:\/\/artmanilu.com\/index.php?rest_route=\/wp\/v2\/pages\/84\/revisions"}],"predecessor-version":[{"id":108,"href":"https:\/\/artmanilu.com\/index.php?rest_route=\/wp\/v2\/pages\/84\/revisions\/108"}],"wp:attachment":[{"href":"https:\/\/artmanilu.com\/index.php?rest_route=%2Fwp%2Fv2%2Fmedia&parent=84"}],"curies":[{"name":"wp","href":"https:\/\/api.w.org\/{rel}","templated":true}]}}